{"id":52279,"date":"2024-07-24T12:26:14","date_gmt":"2024-07-24T10:26:14","guid":{"rendered":"https:\/\/community.simplifier.io\/simplifier-community-dashboard\/ausbildungslehrgaenge\/erweitert-debuggen-und-ueberwachen-320\/"},"modified":"2024-07-24T12:26:14","modified_gmt":"2024-07-24T10:26:14","slug":"erweitert-debuggen-und-ueberwachen-320","status":"publish","type":"page","link":"https:\/\/community.simplifier.io\/de\/simplifier-community-dashboard\/ausbildungslehrgaenge\/erweitert-debuggen-und-ueberwachen-320\/","title":{"rendered":"Erweitert: Debuggen und \u00dcberwachen (320)"},"content":{"rendered":"<div class=\"wpb-content-wrapper\"><p>[vc_row row_content_display=&#8221;in_grid&#8221; row_content_display_align=&#8221;left&#8221; row_type=&#8221;row&#8221; stretch_row_type=&#8221;yes&#8221;][vc_column width=&#8221;1\/2&#8243;][vc_video link=&#8221;https:\/\/vimeo.com\/744511710&#8243; el_class=&#8221;mediumMarginTop&#8221;][vc_message]Die Videos f\u00fcr diesen Kurs wurden mit Simplifier 7.0 gefilmt.[\/vc_message][vc_column_text]Zus\u00e4tzliche Informationen f\u00fcr diese Lektion:  <\/p>\n<ul>\n<li>Link zur Dokumentation zu Simplifier Logs und Monitoring: <a href=\"https:\/\/community.simplifier.io\/de\/doc\/app-builder-leitfaden\/warten-optimieren\/ueberwachung\/\">https:\/\/community.simplifier.io\/doc\/current-release\/maintain-optimize\/monitoring\/<\/a><\/li>\n<\/ul>\n<p>[\/vc_column_text][\/vc_column][vc_column width=&#8221;1\/2&#8243;][vc_column_text el_class=&#8221;smallMarginTop&#8221;]<\/p>\n<h2>Willkommen zum Simplifier Fortgeschrittenenkurs zum Thema Debuggen und \u00dcberwachen<\/h2>\n<p>  In diesem Kurs lernen Sie, wie Sie Anwendungen auf Simplifier debuggen und \u00fcberwachen k\u00f6nnen.<br \/>\nIm ersten Teil zeigen wir Ihnen, wie Sie Simplifier-Anwendungen in Ihrem Browser mit den Debugging-Tools des Browsers debuggen k\u00f6nnen.<br \/>\nDebugging-Wissen hilft Ihnen, Anwendungsprozesse zu verstehen und Implementierungsfehler zu finden.<br \/>\nIm zweiten Teil werden wir mit dem Abschnitt Protokolle und \u00dcberwachung von Simplifier arbeiten.<br \/>\nMit den Tools in diesem Abschnitt k\u00f6nnen Sie die Benutzeraktivit\u00e4t in Ihren Anwendungen sowie Ereignisse in Ihrer Simplifier-Instanz \u00fcberwachen.<br \/>\nAu\u00dferdem k\u00f6nnen Sie Ausf\u00fchrungsdetails zu serverseitigen Business Objekt-Funktionen und Connectoraufrufen abrufen.[\/vc_column_text][vc_message message_box_color=&#8221;warning&#8221; icon_fontawesome=&#8221;fas fa-exclamation-triangle&#8221;]Unsere Instanz demo.simplifier.io ist f\u00fcr dieses Training nicht geeignet, da sie jeden Tag zur\u00fcckgesetzt wird und f\u00fcr jeden Nutzer frei zug\u00e4nglich ist.[\/vc_message][vc_message message_box_color=&#8221;success&#8221; icon_fontawesome=&#8221;fab fa-free-code-camp&#8221;]Sie k\u00f6nnen die Kurse mit einer <a href=\"\/?page_id=52151\">kostenlosen Testversion<\/a> durchspielen[\/vc_message][vc_column_text]<a href=\"\/register\/?course_id%5B0%5D=44&amp;unit_redirect=1&amp;_wp_enroll=4c27131077\" class=\"fe_btn fe_btn_completion btn_completion\" id=\"enroll_registration\">Enroll now<\/a>[\/vc_column_text][\/vc_column][\/vc_row][vc_row row_content_display=&#8221;in_grid&#8221; row_content_display_align=&#8221;left&#8221; row_type=&#8221;row&#8221; stretch_row_type=&#8221;yes&#8221;][vc_column][vc_column_text]<table id=\"wpcw_fe_course\" class=\"wpcw_fe_table\" cellspacing=\"0\" cellborder=\"0\"><tr class=\"wpcw_fe_module\" id=\"wpcw_fe_module_group_1_44\">\n\t\t\t\t<th class=\"wpcw_fe_module_title_header\">Module 1<\/th>\n\t\t\t\t <th class=\"wpcw_fe_module_desc_header\">321 - Browser Debugging Tools: Overview<\/th>\n\t\t\t        \n\t\t\t        \n\t\t\t        \n\t\t\t<\/tr><tr class=\"wpcw_fe_unit wpcw_fe_module_group_1_44 wpcw_unit_end\">\n\t\t\t\t\t\t\t\t<td class=\"wpcw_fe_unit_title\">Unit 1<\/td>\n\t\t\t\t\t\t\t\t<td class=\"wpcw_fe_unit\" >Browser Debugging Tools: Overview<\/td>\n\t\t\t\t\t\t\t<\/tr><tr class=\"wpcw_fe_module\" id=\"wpcw_fe_module_group_2_44\">\n\t\t\t\t<th class=\"wpcw_fe_module_title_header\">Module 2<\/th>\n\t\t\t\t <th class=\"wpcw_fe_module_desc_header\">322 - Browser Debugging Tools: Elements and UI5 Inspector<\/th>\n\t\t\t        \n\t\t\t        \n\t\t\t        \n\t\t\t<\/tr><tr class=\"wpcw_fe_unit wpcw_fe_module_group_2_44\">\n\t\t\t\t\t\t\t\t<td class=\"wpcw_fe_unit_title\">Unit 1<\/td>\n\t\t\t\t\t\t\t\t<td class=\"wpcw_fe_unit\" >Browser Debugging Tools: Elements<\/td>\n\t\t\t\t\t\t\t<\/tr><tr class=\"wpcw_fe_unit wpcw_fe_module_group_2_44 wpcw_unit_end\">\n\t\t\t\t\t\t\t\t<td class=\"wpcw_fe_unit_title\">Unit 2<\/td>\n\t\t\t\t\t\t\t\t<td class=\"wpcw_fe_unit\" >Browser Debugging Tools: UI5 Inspector<\/td>\n\t\t\t\t\t\t\t<\/tr><tr class=\"wpcw_fe_module\" id=\"wpcw_fe_module_group_3_44\">\n\t\t\t\t<th class=\"wpcw_fe_module_title_header\">Module 3<\/th>\n\t\t\t\t <th class=\"wpcw_fe_module_desc_header\">323 - Browser Debugging Tools: Sources<\/th>\n\t\t\t        \n\t\t\t        \n\t\t\t        \n\t\t\t<\/tr><tr class=\"wpcw_fe_unit wpcw_fe_module_group_3_44\">\n\t\t\t\t\t\t\t\t<td class=\"wpcw_fe_unit_title\">Unit 1<\/td>\n\t\t\t\t\t\t\t\t<td class=\"wpcw_fe_unit\" >Browser Debugging Tools: Sources<\/td>\n\t\t\t\t\t\t\t<\/tr><tr class=\"wpcw_fe_unit wpcw_fe_module_group_3_44\">\n\t\t\t\t\t\t\t\t<td class=\"wpcw_fe_unit_title\">Unit 2<\/td>\n\t\t\t\t\t\t\t\t<td class=\"wpcw_fe_unit\" >Browser Debugging Tools: Debugging CSBOs<\/td>\n\t\t\t\t\t\t\t<\/tr><tr class=\"wpcw_fe_unit wpcw_fe_module_group_3_44\">\n\t\t\t\t\t\t\t\t<td class=\"wpcw_fe_unit_title\">Unit 3<\/td>\n\t\t\t\t\t\t\t\t<td class=\"wpcw_fe_unit\" >Browser Debugging Tools: Debugging Modules - Creating a Module<\/td>\n\t\t\t\t\t\t\t<\/tr><tr class=\"wpcw_fe_unit wpcw_fe_module_group_3_44 wpcw_unit_end\">\n\t\t\t\t\t\t\t\t<td class=\"wpcw_fe_unit_title\">Unit 4<\/td>\n\t\t\t\t\t\t\t\t<td class=\"wpcw_fe_unit\" >Browser Debugging Tools: Debugging Modules - Integrating the Module<\/td>\n\t\t\t\t\t\t\t<\/tr><tr class=\"wpcw_fe_module\" id=\"wpcw_fe_module_group_4_44\">\n\t\t\t\t<th class=\"wpcw_fe_module_title_header\">Module 4<\/th>\n\t\t\t\t <th class=\"wpcw_fe_module_desc_header\">324 - Browser Debugging Tools: Console<\/th>\n\t\t\t        \n\t\t\t        \n\t\t\t        \n\t\t\t<\/tr><tr class=\"wpcw_fe_unit wpcw_fe_module_group_4_44 wpcw_unit_end\">\n\t\t\t\t\t\t\t\t<td class=\"wpcw_fe_unit_title\">Unit 1<\/td>\n\t\t\t\t\t\t\t\t<td class=\"wpcw_fe_unit\" >Browser Debugging Tools: Console<\/td>\n\t\t\t\t\t\t\t<\/tr><tr class=\"wpcw_fe_module\" id=\"wpcw_fe_module_group_5_44\">\n\t\t\t\t<th class=\"wpcw_fe_module_title_header\">Module 5<\/th>\n\t\t\t\t <th class=\"wpcw_fe_module_desc_header\">325 - Browser Debugging Tools: Network<\/th>\n\t\t\t        \n\t\t\t        \n\t\t\t        \n\t\t\t<\/tr><tr class=\"wpcw_fe_unit wpcw_fe_module_group_5_44 wpcw_unit_end\">\n\t\t\t\t\t\t\t\t<td class=\"wpcw_fe_unit_title\">Unit 1<\/td>\n\t\t\t\t\t\t\t\t<td class=\"wpcw_fe_unit\" >Browser Debugging Tools: Network<\/td>\n\t\t\t\t\t\t\t<\/tr><tr class=\"wpcw_fe_module\" id=\"wpcw_fe_module_group_6_44\">\n\t\t\t\t<th class=\"wpcw_fe_module_title_header\">Module 6<\/th>\n\t\t\t\t <th class=\"wpcw_fe_module_desc_header\">326 - Monitoring in Simplifier: Overview<\/th>\n\t\t\t        \n\t\t\t        \n\t\t\t        \n\t\t\t<\/tr><tr class=\"wpcw_fe_unit wpcw_fe_module_group_6_44 wpcw_unit_end\">\n\t\t\t\t\t\t\t\t<td class=\"wpcw_fe_unit_title\">Unit 1<\/td>\n\t\t\t\t\t\t\t\t<td class=\"wpcw_fe_unit\" >Monitoring in Simplifier: Overview<\/td>\n\t\t\t\t\t\t\t<\/tr><tr class=\"wpcw_fe_module\" id=\"wpcw_fe_module_group_7_44\">\n\t\t\t\t<th class=\"wpcw_fe_module_title_header\">Module 7<\/th>\n\t\t\t\t <th class=\"wpcw_fe_module_desc_header\">327 - Monitoring in Simplifier: Logs and Monitoring<\/th>\n\t\t\t        \n\t\t\t        \n\t\t\t        \n\t\t\t<\/tr><tr class=\"wpcw_fe_unit wpcw_fe_module_group_7_44 wpcw_unit_end\">\n\t\t\t\t\t\t\t\t<td class=\"wpcw_fe_unit_title\">Unit 1<\/td>\n\t\t\t\t\t\t\t\t<td class=\"wpcw_fe_unit\" >Monitoring in Simplifier: Logs and Monitoring<\/td>\n\t\t\t\t\t\t\t<\/tr><tr class=\"wpcw_fe_module\" id=\"wpcw_fe_module_group_8_44\">\n\t\t\t\t<th class=\"wpcw_fe_module_title_header\">Module 8<\/th>\n\t\t\t\t <th class=\"wpcw_fe_module_desc_header\">328 - Monitoring in Simplifier: Statistics<\/th>\n\t\t\t        \n\t\t\t        \n\t\t\t        \n\t\t\t<\/tr><tr class=\"wpcw_fe_unit wpcw_fe_module_group_8_44 wpcw_unit_end\">\n\t\t\t\t\t\t\t\t<td class=\"wpcw_fe_unit_title\">Unit 1<\/td>\n\t\t\t\t\t\t\t\t<td class=\"wpcw_fe_unit\" >Monitoring in Simplifier: Statistics<\/td>\n\t\t\t\t\t\t\t<\/tr><\/table>[\/vc_column_text][\/vc_column][\/vc_row]<\/p>\n<\/div>","protected":false},"excerpt":{"rendered":"<p>[vc_row row_content_display=&#8221;in_grid&#8221; row_content_display_align=&#8221;left&#8221; row_type=&#8221;row&#8221; stretch_row_type=&#8221;yes&#8221;][vc_column width=&#8221;1\/2&#8243;][vc_video link=&#8221;https:\/\/vimeo.com\/744511710&#8243; el_class=&#8221;mediumMarginTop&#8221;][vc_message]Die Videos f\u00fcr diesen Kurs wurden mit Simplifier 7.0 gefilmt.[\/vc_message][vc_column_text]Zus\u00e4tzliche Informationen f\u00fcr diese Lektion: Link zur Dokumentation zu Simplifier Logs und Monitoring: https:\/\/community.simplifier.io\/doc\/current-release\/maintain-optimize\/monitoring\/ [\/vc_column_text][\/vc_column][vc_column width=&#8221;1\/2&#8243;][vc_column_text el_class=&#8221;smallMarginTop&#8221;] Willkommen zum Simplifier Fortgeschrittenenkurs zum Thema Debuggen und \u00dcberwachen In diesem Kurs lernen Sie, wie Sie Anwendungen auf Simplifier debuggen und \u00fcberwachen [&hellip;]<\/p>\n","protected":false},"author":66,"featured_media":0,"parent":64754,"menu_order":33,"comment_status":"closed","ping_status":"closed","template":"","meta":{"_bbp_topic_count":0,"_bbp_reply_count":0,"_bbp_total_topic_count":0,"_bbp_total_reply_count":0,"_bbp_voice_count":0,"_bbp_anonymous_reply_count":0,"_bbp_topic_count_hidden":0,"_bbp_reply_count_hidden":0,"_bbp_forum_subforum_count":0,"content-type":"","inline_featured_image":false,"footnotes":""},"class_list":["post-52279","page","type-page","status-publish","format-standard","hentry"],"yoast_head":"<!-- This site is optimized with the Yoast SEO plugin v27.3 - https:\/\/yoast.com\/product\/yoast-seo-wordpress\/ -->\n<title>Erweitert: Debuggen und \u00dcberwachen (320) - Simplifier Makers Club<\/title>\n<meta name=\"description\" content=\"Die Videos f\u00fcr diesen Kurs wurden mit Simplifier 7.0 gefilmt.Zus\u00e4tzliche Informationen f\u00fcr diese Lektion: Link zur Dokumentation zu Simplifier Logs und\" \/>\n<meta name=\"robots\" content=\"index, follow, max-snippet:-1, max-image-preview:large, max-video-preview:-1\" \/>\n<link rel=\"canonical\" href=\"https:\/\/community.simplifier.io\/de\/simplifier-community-dashboard\/ausbildungslehrgaenge\/erweitert-debuggen-und-ueberwachen-320\/\" \/>\n<meta property=\"og:locale\" content=\"de_DE\" \/>\n<meta property=\"og:type\" content=\"article\" \/>\n<meta property=\"og:title\" content=\"Erweitert: Debuggen und \u00dcberwachen (320) - Simplifier Makers Club\" \/>\n<meta property=\"og:description\" content=\"Die Videos f\u00fcr diesen Kurs wurden mit Simplifier 7.0 gefilmt.Zus\u00e4tzliche Informationen f\u00fcr diese Lektion: Link zur Dokumentation zu Simplifier Logs und\" \/>\n<meta property=\"og:url\" content=\"https:\/\/community.simplifier.io\/de\/simplifier-community-dashboard\/ausbildungslehrgaenge\/erweitert-debuggen-und-ueberwachen-320\/\" \/>\n<meta property=\"og:site_name\" content=\"Simplifier Makers Club\" \/>\n<meta property=\"article:publisher\" content=\"https:\/\/www.facebook.com\/simplifier.io\/\" \/>\n<meta name=\"twitter:card\" content=\"summary_large_image\" \/>\n<meta name=\"twitter:site\" content=\"@simplifier_io\" \/>\n<meta name=\"twitter:label1\" content=\"Gesch\u00e4tzte Lesezeit\" \/>\n\t<meta name=\"twitter:data1\" content=\"2\u00a0Minuten\" \/>\n<script type=\"application\/ld+json\" class=\"yoast-schema-graph\">{\"@context\":\"https:\\\/\\\/schema.org\",\"@graph\":[{\"@type\":\"WebPage\",\"@id\":\"https:\\\/\\\/community.simplifier.io\\\/de\\\/simplifier-community-dashboard\\\/ausbildungslehrgaenge\\\/erweitert-debuggen-und-ueberwachen-320\\\/\",\"url\":\"https:\\\/\\\/community.simplifier.io\\\/de\\\/simplifier-community-dashboard\\\/ausbildungslehrgaenge\\\/erweitert-debuggen-und-ueberwachen-320\\\/\",\"name\":\"Erweitert: Debuggen und \u00dcberwachen (320) - Simplifier Makers Club\",\"isPartOf\":{\"@id\":\"https:\\\/\\\/community.simplifier.io\\\/de\\\/#website\"},\"datePublished\":\"2024-07-24T10:26:14+00:00\",\"description\":\"Die Videos f\u00fcr diesen Kurs wurden mit Simplifier 7.0 gefilmt.Zus\u00e4tzliche Informationen f\u00fcr diese Lektion: Link zur Dokumentation zu Simplifier Logs und\",\"breadcrumb\":{\"@id\":\"https:\\\/\\\/community.simplifier.io\\\/de\\\/simplifier-community-dashboard\\\/ausbildungslehrgaenge\\\/erweitert-debuggen-und-ueberwachen-320\\\/#breadcrumb\"},\"inLanguage\":\"de\",\"potentialAction\":[{\"@type\":\"ReadAction\",\"target\":[\"https:\\\/\\\/community.simplifier.io\\\/de\\\/simplifier-community-dashboard\\\/ausbildungslehrgaenge\\\/erweitert-debuggen-und-ueberwachen-320\\\/\"]}]},{\"@type\":\"BreadcrumbList\",\"@id\":\"https:\\\/\\\/community.simplifier.io\\\/de\\\/simplifier-community-dashboard\\\/ausbildungslehrgaenge\\\/erweitert-debuggen-und-ueberwachen-320\\\/#breadcrumb\",\"itemListElement\":[{\"@type\":\"ListItem\",\"position\":1,\"name\":\"Home\",\"item\":\"https:\\\/\\\/community.simplifier.io\\\/de\\\/\"},{\"@type\":\"ListItem\",\"position\":2,\"name\":\"Simplifier Gemeinschaft Home\",\"item\":\"https:\\\/\\\/community.simplifier.io\\\/de\\\/\"},{\"@type\":\"ListItem\",\"position\":3,\"name\":\"Kurse\",\"item\":\"https:\\\/\\\/community.simplifier.io\\\/de\\\/kurse\\\/\"},{\"@type\":\"ListItem\",\"position\":4,\"name\":\"Erweitert: Debuggen und \u00dcberwachen (320)\"}]},{\"@type\":\"WebSite\",\"@id\":\"https:\\\/\\\/community.simplifier.io\\\/de\\\/#website\",\"url\":\"https:\\\/\\\/community.simplifier.io\\\/de\\\/\",\"name\":\"Simplifier Makers Club\",\"description\":\"Where Ideas become Digital Reality - Simplifier Documentation, Knowledgebase, Forum, Courses and Marketplace\",\"publisher\":{\"@id\":\"https:\\\/\\\/community.simplifier.io\\\/de\\\/#organization\"},\"potentialAction\":[{\"@type\":\"SearchAction\",\"target\":{\"@type\":\"EntryPoint\",\"urlTemplate\":\"https:\\\/\\\/community.simplifier.io\\\/de\\\/?s={search_term_string}\"},\"query-input\":{\"@type\":\"PropertyValueSpecification\",\"valueRequired\":true,\"valueName\":\"search_term_string\"}}],\"inLanguage\":\"de\"},{\"@type\":\"Organization\",\"@id\":\"https:\\\/\\\/community.simplifier.io\\\/de\\\/#organization\",\"name\":\"Simplifier AG\",\"url\":\"https:\\\/\\\/community.simplifier.io\\\/de\\\/\",\"logo\":{\"@type\":\"ImageObject\",\"inLanguage\":\"de\",\"@id\":\"https:\\\/\\\/community.simplifier.io\\\/de\\\/#\\\/schema\\\/logo\\\/image\\\/\",\"url\":\"https:\\\/\\\/community.simplifier.io\\\/wp-content\\\/uploads\\\/2024\\\/09\\\/simplifier-logo.png\",\"contentUrl\":\"https:\\\/\\\/community.simplifier.io\\\/wp-content\\\/uploads\\\/2024\\\/09\\\/simplifier-logo.png\",\"width\":651,\"height\":150,\"caption\":\"Simplifier AG\"},\"image\":{\"@id\":\"https:\\\/\\\/community.simplifier.io\\\/de\\\/#\\\/schema\\\/logo\\\/image\\\/\"},\"sameAs\":[\"https:\\\/\\\/www.facebook.com\\\/simplifier.io\\\/\",\"https:\\\/\\\/x.com\\\/simplifier_io\",\"https:\\\/\\\/www.linkedin.com\\\/company\\\/simplifier-ag\\\/\",\"https:\\\/\\\/www.youtube.com\\\/c\\\/Simplifier\\\/\"]}]}<\/script>\n<!-- \/ Yoast SEO plugin. -->","yoast_head_json":{"title":"Erweitert: Debuggen und \u00dcberwachen (320) - Simplifier Makers Club","description":"Die Videos f\u00fcr diesen Kurs wurden mit Simplifier 7.0 gefilmt.Zus\u00e4tzliche Informationen f\u00fcr diese Lektion: Link zur Dokumentation zu Simplifier Logs und","robots":{"index":"index","follow":"follow","max-snippet":"max-snippet:-1","max-image-preview":"max-image-preview:large","max-video-preview":"max-video-preview:-1"},"canonical":"https:\/\/community.simplifier.io\/de\/simplifier-community-dashboard\/ausbildungslehrgaenge\/erweitert-debuggen-und-ueberwachen-320\/","og_locale":"de_DE","og_type":"article","og_title":"Erweitert: Debuggen und \u00dcberwachen (320) - Simplifier Makers Club","og_description":"Die Videos f\u00fcr diesen Kurs wurden mit Simplifier 7.0 gefilmt.Zus\u00e4tzliche Informationen f\u00fcr diese Lektion: Link zur Dokumentation zu Simplifier Logs und","og_url":"https:\/\/community.simplifier.io\/de\/simplifier-community-dashboard\/ausbildungslehrgaenge\/erweitert-debuggen-und-ueberwachen-320\/","og_site_name":"Simplifier Makers Club","article_publisher":"https:\/\/www.facebook.com\/simplifier.io\/","twitter_card":"summary_large_image","twitter_site":"@simplifier_io","twitter_misc":{"Gesch\u00e4tzte Lesezeit":"2\u00a0Minuten"},"schema":{"@context":"https:\/\/schema.org","@graph":[{"@type":"WebPage","@id":"https:\/\/community.simplifier.io\/de\/simplifier-community-dashboard\/ausbildungslehrgaenge\/erweitert-debuggen-und-ueberwachen-320\/","url":"https:\/\/community.simplifier.io\/de\/simplifier-community-dashboard\/ausbildungslehrgaenge\/erweitert-debuggen-und-ueberwachen-320\/","name":"Erweitert: Debuggen und \u00dcberwachen (320) - Simplifier Makers Club","isPartOf":{"@id":"https:\/\/community.simplifier.io\/de\/#website"},"datePublished":"2024-07-24T10:26:14+00:00","description":"Die Videos f\u00fcr diesen Kurs wurden mit Simplifier 7.0 gefilmt.Zus\u00e4tzliche Informationen f\u00fcr diese Lektion: Link zur Dokumentation zu Simplifier Logs und","breadcrumb":{"@id":"https:\/\/community.simplifier.io\/de\/simplifier-community-dashboard\/ausbildungslehrgaenge\/erweitert-debuggen-und-ueberwachen-320\/#breadcrumb"},"inLanguage":"de","potentialAction":[{"@type":"ReadAction","target":["https:\/\/community.simplifier.io\/de\/simplifier-community-dashboard\/ausbildungslehrgaenge\/erweitert-debuggen-und-ueberwachen-320\/"]}]},{"@type":"BreadcrumbList","@id":"https:\/\/community.simplifier.io\/de\/simplifier-community-dashboard\/ausbildungslehrgaenge\/erweitert-debuggen-und-ueberwachen-320\/#breadcrumb","itemListElement":[{"@type":"ListItem","position":1,"name":"Home","item":"https:\/\/community.simplifier.io\/de\/"},{"@type":"ListItem","position":2,"name":"Simplifier Gemeinschaft Home","item":"https:\/\/community.simplifier.io\/de\/"},{"@type":"ListItem","position":3,"name":"Kurse","item":"https:\/\/community.simplifier.io\/de\/kurse\/"},{"@type":"ListItem","position":4,"name":"Erweitert: Debuggen und \u00dcberwachen (320)"}]},{"@type":"WebSite","@id":"https:\/\/community.simplifier.io\/de\/#website","url":"https:\/\/community.simplifier.io\/de\/","name":"Simplifier Makers Club","description":"Where Ideas become Digital Reality - Simplifier Documentation, Knowledgebase, Forum, Courses and Marketplace","publisher":{"@id":"https:\/\/community.simplifier.io\/de\/#organization"},"potentialAction":[{"@type":"SearchAction","target":{"@type":"EntryPoint","urlTemplate":"https:\/\/community.simplifier.io\/de\/?s={search_term_string}"},"query-input":{"@type":"PropertyValueSpecification","valueRequired":true,"valueName":"search_term_string"}}],"inLanguage":"de"},{"@type":"Organization","@id":"https:\/\/community.simplifier.io\/de\/#organization","name":"Simplifier AG","url":"https:\/\/community.simplifier.io\/de\/","logo":{"@type":"ImageObject","inLanguage":"de","@id":"https:\/\/community.simplifier.io\/de\/#\/schema\/logo\/image\/","url":"https:\/\/community.simplifier.io\/wp-content\/uploads\/2024\/09\/simplifier-logo.png","contentUrl":"https:\/\/community.simplifier.io\/wp-content\/uploads\/2024\/09\/simplifier-logo.png","width":651,"height":150,"caption":"Simplifier AG"},"image":{"@id":"https:\/\/community.simplifier.io\/de\/#\/schema\/logo\/image\/"},"sameAs":["https:\/\/www.facebook.com\/simplifier.io\/","https:\/\/x.com\/simplifier_io","https:\/\/www.linkedin.com\/company\/simplifier-ag\/","https:\/\/www.youtube.com\/c\/Simplifier\/"]}]}},"_links":{"self":[{"href":"https:\/\/community.simplifier.io\/de\/wp-json\/wp\/v2\/pages\/52279","targetHints":{"allow":["GET"]}}],"collection":[{"href":"https:\/\/community.simplifier.io\/de\/wp-json\/wp\/v2\/pages"}],"about":[{"href":"https:\/\/community.simplifier.io\/de\/wp-json\/wp\/v2\/types\/page"}],"author":[{"embeddable":true,"href":"https:\/\/community.simplifier.io\/de\/wp-json\/wp\/v2\/users\/66"}],"replies":[{"embeddable":true,"href":"https:\/\/community.simplifier.io\/de\/wp-json\/wp\/v2\/comments?post=52279"}],"version-history":[{"count":1,"href":"https:\/\/community.simplifier.io\/de\/wp-json\/wp\/v2\/pages\/52279\/revisions"}],"predecessor-version":[{"id":52282,"href":"https:\/\/community.simplifier.io\/de\/wp-json\/wp\/v2\/pages\/52279\/revisions\/52282"}],"up":[{"embeddable":true,"href":"https:\/\/community.simplifier.io\/de\/wp-json\/wp\/v2\/pages\/64754"}],"wp:attachment":[{"href":"https:\/\/community.simplifier.io\/de\/wp-json\/wp\/v2\/media?parent=52279"}],"curies":[{"name":"wp","href":"https:\/\/api.w.org\/{rel}","templated":true}]}}