{"id":52140,"date":"2024-07-24T12:23:45","date_gmt":"2024-07-24T10:23:45","guid":{"rendered":"https:\/\/community.simplifier.io\/das-simplifier-ai-manifest\/"},"modified":"2024-07-24T12:23:49","modified_gmt":"2024-07-24T10:23:49","slug":"das-simplifier-ai-manifest","status":"publish","type":"page","link":"https:\/\/community.simplifier.io\/de\/das-simplifier-ai-manifest\/","title":{"rendered":"Das Simplifier AI Manifest"},"content":{"rendered":"<div class=\"wpb-content-wrapper\"><p>[vc_row row_content_display=&#8221;in_grid&#8221; row_content_display_align=&#8221;left&#8221; row_type=&#8221;row&#8221; stretch_row_type=&#8221;yes&#8221;][vc_column][vc_column_text css=&#8221;&#8221;]<\/p>\n<h1>Low Code und KI \u2013 eine perfekte Kombination<\/h1>\n<p>[\/vc_column_text][\/vc_column][\/vc_row][vc_row row_content_display=&#8221;in_grid&#8221; row_content_display_align=&#8221;left&#8221; row_type=&#8221;row&#8221; stretch_row_type=&#8221;yes&#8221;][vc_column width=&#8221;1\/2&#8243;][vc_column_text css=&#8221;&#8221;]<\/p>\n<h2 data-renderer-start-pos=\"3676\"><span style=\"text-decoration: underline;\">1. Eine Synergie der Macht:<\/span> Komplement\u00e4re Rollen<\/h2>\n<p data-renderer-start-pos=\"3717\">KI ist nicht hier, um zu ersetzen, sondern um zu verbessern.<br \/>\nEs bringt Tools und Erkenntnisse auf den Tisch, die die Entwicklung beschleunigen und den Prozess schneller und effizienter machen.<br \/>\nSimplifier ist mit seiner robusten Low-Code-Grundlage die perfekte Leinwand f\u00fcr KI, um ihre Fortschritte zu malen.<br \/>\nGemeinsam schaffen sie ein harmonisches \u00d6kosystem, in dem Technologie und Innovation gedeihen.     <a href=\"https:\/\/community.simplifier.io\/de\/faqs\/wie-ergaenzt-ki-simplifier-low-code\/#46901\"><span style=\"text-decoration: underline;\">Weiterlesen<\/span><\/a><\/p>\n<h2 data-renderer-start-pos=\"4067\"><span style=\"text-decoration: underline;\">2. Barrieren \u00fcberwinden:<\/span> Bef\u00e4higung nicht-technischer Benutzer<\/h2>\n<p data-renderer-start-pos=\"4118\">Wir glauben an Barrierefreiheit.<br \/>\nKI-Tools f\u00fchren nicht-technische Benutzer durch die Komplexit\u00e4t der Entwicklung und machen Simplifier zu einem Leuchtturm der Inklusivit\u00e4t.<br \/>\nUnsere Low-Code-Plattform, bei der Benutzerfreundlichkeit im Mittelpunkt steht, wird mit KI noch zug\u00e4nglicher und erm\u00f6glicht es jedem, anspruchsvolle Anwendungen zu erstellen.<br \/>\nDas ist Empowerment neu definiert.     <a href=\"https:\/\/community.simplifier.io\/de\/faqs\/wie-koennen-ki-und-simplifier-nicht-technische-benutzer-unterstuetzen\/#46903\"><span style=\"text-decoration: underline;\">Weiterlesen<\/span><\/a><\/p>\n<h2 data-renderer-start-pos=\"4460\"><span style=\"text-decoration: underline;\">3. Neue M\u00f6glichkeiten entfachen:<\/span> Innovation und Kreativit\u00e4t<\/h2>\n<p data-renderer-start-pos=\"4515\">KI ist der Funke, der neue Ideen und Ans\u00e4tze entfacht.<br \/>\nEs schl\u00e4gt innovative Features und Funktionalit\u00e4ten vor, die die Grenzen des M\u00f6glichen verschieben.<br \/>\nSimplifier erm\u00f6glicht mit seiner Flexibilit\u00e4t ein schnelles Prototyping und Iteration und setzt KI-gesteuerte Ideen blitzschnell in die Realit\u00e4t um.<br \/>\nGemeinsam f\u00f6rdern sie eine Kultur der kontinuierlichen Innovation und Kreativit\u00e4t.     <a href=\"https:\/\/community.simplifier.io\/de\/faqs\/wie-kann-ich-gemeinsam-neue-innovationen-mit-simplifier-und-ki-vorantreiben\/#46906\"><span style=\"text-decoration: underline;\">Weiterlesen<\/span><\/a><\/p>\n<h2 data-renderer-start-pos=\"4881\"><span style=\"text-decoration: underline;\">4. Gemeinsam weiterentwickeln:<\/span> Kontinuierliche Verbesserung<\/h2>\n<p data-renderer-start-pos=\"4924\">KI lernt und verbessert sich im Laufe der Zeit und bietet besseren Support und genauere Einblicke.<br \/>\nSimplifier entwickelt sich parallel dazu weiter und integriert die neuesten KI-Fortschritte, um eine sich st\u00e4ndig verbessernde Entwicklungsumgebung zu bieten.<br \/>\nDieser kontinuierliche Zyklus von Lernen und Weiterentwicklung stellt sicher, dass wir immer die Nase vorn haben, uns immer verbessern und immer Spitzenleistungen erbringen.    <a href=\"https:\/\/community.simplifier.io\/de\/faqs\/wie-kann-ich-mit-ki-und-simplifier-kontinuierliche-verbesserungen-erzielen\/#46908\">Weiterlesen<\/a><\/p>\n<p>[\/vc_column_text][\/vc_column][vc_column width=&#8221;1\/2&#8243;][vc_column_text css=&#8221;&#8221;]<\/p>\n<h2 data-renderer-start-pos=\"5270\"><span style=\"text-decoration: underline;\">5. Wertmaximierung:<\/span> Fokus auf strategische Entwicklung<\/h2>\n<p data-renderer-start-pos=\"5320\">Lassen Sie die KI die Routineaufgaben erledigen.<br \/>\nDurch die Automatisierung des Allt\u00e4glichen erm\u00f6glicht KI Entwicklern, sich auf die strategische Entwicklung auf hohem Niveau zu konzentrieren.<br \/>\nSimplifier erm\u00f6glicht es Teams, mit seiner Effizienz in k\u00fcrzerer Zeit mehr Wert zu liefern.<br \/>\nDiese Partnerschaft stellt sicher, dass wir uns auf das konzentrieren k\u00f6nnen, was wirklich wichtig ist \u2013 wirkungsvolle, strategische L\u00f6sungen zu schaffen, die den Erfolg vorantreiben.     <a href=\"https:\/\/community.simplifier.io\/de\/faqs\/wie-kann-ich-den-wert-maximieren-wenn-ich-mich-fuer-ki-und-simplifier-for-development-entscheide\/#46910\">Weiterlesen<\/a><\/p>\n<h2 data-renderer-start-pos=\"5663\"><span style=\"text-decoration: underline;\">6. Sicherstellung von Exzellenz:<\/span> Wartbarkeit, Codequalit\u00e4t und Sicherheit<\/h2>\n<p data-renderer-start-pos=\"5729\">Simplifier steuert KI-generierten Code und stellt sicher, dass er einfach zu warten, zu aktualisieren und sicher zu bedienen ist.<br \/>\nDie visuelle Darstellung und Abstraktion der Benutzeroberfl\u00e4che und Logik der Anwendung macht das Verst\u00e4ndnis und \u00c4ndern von Code einfach.<br \/>\nDurch die Einhaltung etablierter Codierungsstandards und Sicherheitsprotokolle stellt Simplifier sicher, dass KI-generierter Code konsistent, dokumentiert und sicher ist.    <a href=\"https:\/\/community.simplifier.io\/de\/faqs\/wie-kann-ich-den-wert-maximieren-wenn-ich-mich-fuer-ki-und-simplifier-for-development-entscheide\/#46910\">Weiterlesen<\/a><\/p>\n<h2 data-renderer-start-pos=\"6095\"><span style=\"text-decoration: underline;\">7. Wahrung der Integrit\u00e4t:<\/span> Rechenschaftspflicht, Governance, Einhaltung gesetzlicher und beh\u00f6rdlicher Vorschriften<\/h2>\n<p data-renderer-start-pos=\"6177\">KI ist ein Verst\u00e4rker, kein H\u00fcter.<br \/>\nSimplifier schlie\u00dft diese L\u00fccke und bietet vollst\u00e4ndige Unterst\u00fctzung f\u00fcr Identit\u00e4ts- und Zugriffsmanagementl\u00f6sungen, die \u00dcberwachung von Datenfl\u00fcssen und die Einhaltung von Regulierungs- und Compliance-Vorschriften.<br \/>\nWir \u00fcbernehmen die Verantwortung f\u00fcr die Sicherung von Daten, den Schutz des Zugriffs und die Gew\u00e4hrleistung der Zuverl\u00e4ssigkeit, damit die KI verbessert werden kann, ohne die Verantwortlichkeit und Governance zu beeintr\u00e4chtigen.    <a href=\"https:\/\/community.simplifier.io\/de\/faqs\/kann-ki-die-verantwortlichkeit-governance-und-die-einhaltung-von-vorschriften-oder-gesetzen-uebernehmen\/#46914\">Weiterlesen<\/a><\/p>\n<p>[\/vc_column_text][\/vc_column][\/vc_row][vc_row row_content_display=&#8221;in_grid&#8221; row_content_display_align=&#8221;left&#8221; row_type=&#8221;row&#8221; stretch_row_type=&#8221;yes&#8221;][vc_column][vc_column_text css=&#8221;&#8221;]<\/p>\n<blockquote>\n<h2 data-renderer-start-pos=\"3443\"><img loading=\"lazy\" decoding=\"async\" class=\"wp-image-46930 alignright\" src=\"https:\/\/community.simplifier.io\/wp-content\/uploads\/2024\/07\/board-300x194.jpg\" alt=\"\" width=\"204\" height=\"132\" srcset=\"https:\/\/community.simplifier.io\/wp-content\/uploads\/2024\/07\/board-300x194.jpg 300w, https:\/\/community.simplifier.io\/wp-content\/uploads\/2024\/07\/board.jpg 1273w\" sizes=\"auto, (max-width: 204px) 100vw, 204px\" \/><\/h2>\n<h3 data-renderer-start-pos=\"6576\">KI und Simplifier passen perfekt zusammen.<br \/>\nSie verst\u00e4rken sich gegenseitig in ihren St\u00e4rken und schaffen eine leistungsf\u00e4higere, effizientere und benutzerfreundlichere Entwicklungsumgebung.<br \/>\nKI unterst\u00fctzt Low-Code-Plattformen, indem sie Routineaufgaben automatisiert, intelligente Unterst\u00fctzung bietet und erweiterte Funktionen erm\u00f6glicht.<br \/>\nGemeinsam sorgen sie daf\u00fcr, dass Entwickler schnell und effektiv qualitativ hochwertige Anwendungen erstellen k\u00f6nnen.<br \/>\nDas ist unser Engagement, unsere Vision und unsere Zukunft.    <\/h3>\n<h2 data-renderer-start-pos=\"3443\">&#8220;In einer Welt, in der Innovation und Effizienz an erster Stelle stehen, stehen wir an der Schnittstelle von KI und Low-Code-Entwicklung und l\u00e4uten eine neue \u00c4ra der digitalen Transformation ein.<br \/>\nDas ist unsere \u00dcberzeugung, unsere Vision und unser Engagement f\u00fcr die Zukunft. <\/h2>\n<h2 data-renderer-start-pos=\"7028\">Begleiten Sie uns auf dieser Reise der Innovation, des Empowerments und der Exzellenz.<br \/>\nGemeinsam gestalten wir die Zukunft der digitalen L\u00f6sungen!&#8221; <\/h2>\n<h4>Simplifier-Board<\/h4>\n<p>&nbsp;<\/p><\/blockquote>\n<p>[\/vc_column_text][\/vc_column][\/vc_row]<\/p>\n<\/div>","protected":false},"excerpt":{"rendered":"<p>[vc_row row_content_display=&#8221;in_grid&#8221; row_content_display_align=&#8221;left&#8221; row_type=&#8221;row&#8221; stretch_row_type=&#8221;yes&#8221;][vc_column][vc_column_text css=&#8221;&#8221;] Low Code und KI \u2013 eine perfekte Kombination [\/vc_column_text][\/vc_column][\/vc_row][vc_row row_content_display=&#8221;in_grid&#8221; row_content_display_align=&#8221;left&#8221; row_type=&#8221;row&#8221; stretch_row_type=&#8221;yes&#8221;][vc_column width=&#8221;1\/2&#8243;][vc_column_text css=&#8221;&#8221;] 1. Eine Synergie der Macht: Komplement\u00e4re Rollen KI ist nicht hier, um zu ersetzen, sondern um zu verbessern. Es bringt Tools und Erkenntnisse auf den Tisch, die die Entwicklung beschleunigen und den Prozess schneller [&hellip;]<\/p>\n","protected":false},"author":1,"featured_media":0,"parent":52231,"menu_order":0,"comment_status":"closed","ping_status":"closed","template":"","meta":{"_bbp_topic_count":0,"_bbp_reply_count":0,"_bbp_total_topic_count":0,"_bbp_total_reply_count":0,"_bbp_voice_count":0,"_bbp_anonymous_reply_count":0,"_bbp_topic_count_hidden":0,"_bbp_reply_count_hidden":0,"_bbp_forum_subforum_count":0,"content-type":"","inline_featured_image":false,"footnotes":""},"class_list":["post-52140","page","type-page","status-publish","format-standard","hentry"],"yoast_head":"<!-- This site is optimized with the Yoast SEO plugin v27.3 - https:\/\/yoast.com\/product\/yoast-seo-wordpress\/ -->\n<title>Das Simplifier AI Manifest - Simplifier Makers Club<\/title>\n<meta name=\"description\" content=\"Low Code und KI \u2013 eine perfekte Kombination 1. Eine Synergie der Macht: Komplement\u00e4re Rollen KI ist nicht hier, um zu ersetzen, sondern um zu verbessern.\" \/>\n<meta name=\"robots\" content=\"index, follow, max-snippet:-1, max-image-preview:large, max-video-preview:-1\" \/>\n<link rel=\"canonical\" href=\"https:\/\/community.simplifier.io\/de\/das-simplifier-ai-manifest\/\" \/>\n<meta property=\"og:locale\" content=\"de_DE\" \/>\n<meta property=\"og:type\" content=\"article\" \/>\n<meta property=\"og:title\" content=\"Das Simplifier AI Manifest - Simplifier Makers Club\" \/>\n<meta property=\"og:description\" content=\"Low Code und KI \u2013 eine perfekte Kombination 1. Eine Synergie der Macht: Komplement\u00e4re Rollen KI ist nicht hier, um zu ersetzen, sondern um zu verbessern.\" \/>\n<meta property=\"og:url\" content=\"https:\/\/community.simplifier.io\/de\/das-simplifier-ai-manifest\/\" \/>\n<meta property=\"og:site_name\" content=\"Simplifier Makers Club\" \/>\n<meta property=\"article:publisher\" content=\"https:\/\/www.facebook.com\/simplifier.io\/\" \/>\n<meta property=\"article:modified_time\" content=\"2024-07-24T10:23:49+00:00\" \/>\n<meta property=\"og:image\" content=\"https:\/\/community.simplifier.io\/wp-content\/uploads\/2024\/07\/board-300x194.jpg\" \/>\n<meta name=\"twitter:card\" content=\"summary_large_image\" \/>\n<meta name=\"twitter:site\" content=\"@simplifier_io\" \/>\n<meta name=\"twitter:label1\" content=\"Gesch\u00e4tzte Lesezeit\" \/>\n\t<meta name=\"twitter:data1\" content=\"4\u00a0Minuten\" \/>\n<script type=\"application\/ld+json\" class=\"yoast-schema-graph\">{\"@context\":\"https:\\\/\\\/schema.org\",\"@graph\":[{\"@type\":\"WebPage\",\"@id\":\"https:\\\/\\\/community.simplifier.io\\\/de\\\/das-simplifier-ai-manifest\\\/\",\"url\":\"https:\\\/\\\/community.simplifier.io\\\/de\\\/das-simplifier-ai-manifest\\\/\",\"name\":\"Das Simplifier AI Manifest - Simplifier Makers Club\",\"isPartOf\":{\"@id\":\"https:\\\/\\\/community.simplifier.io\\\/de\\\/#website\"},\"primaryImageOfPage\":{\"@id\":\"https:\\\/\\\/community.simplifier.io\\\/de\\\/das-simplifier-ai-manifest\\\/#primaryimage\"},\"image\":{\"@id\":\"https:\\\/\\\/community.simplifier.io\\\/de\\\/das-simplifier-ai-manifest\\\/#primaryimage\"},\"thumbnailUrl\":\"https:\\\/\\\/community.simplifier.io\\\/wp-content\\\/uploads\\\/2024\\\/07\\\/board-300x194.jpg\",\"datePublished\":\"2024-07-24T10:23:45+00:00\",\"dateModified\":\"2024-07-24T10:23:49+00:00\",\"description\":\"Low Code und KI \u2013 eine perfekte Kombination 1. Eine Synergie der Macht: Komplement\u00e4re Rollen KI ist nicht hier, um zu ersetzen, sondern um zu verbessern.\",\"breadcrumb\":{\"@id\":\"https:\\\/\\\/community.simplifier.io\\\/de\\\/das-simplifier-ai-manifest\\\/#breadcrumb\"},\"inLanguage\":\"de\",\"potentialAction\":[{\"@type\":\"ReadAction\",\"target\":[\"https:\\\/\\\/community.simplifier.io\\\/de\\\/das-simplifier-ai-manifest\\\/\"]}]},{\"@type\":\"ImageObject\",\"inLanguage\":\"de\",\"@id\":\"https:\\\/\\\/community.simplifier.io\\\/de\\\/das-simplifier-ai-manifest\\\/#primaryimage\",\"url\":\"https:\\\/\\\/community.simplifier.io\\\/wp-content\\\/uploads\\\/2024\\\/07\\\/board-300x194.jpg\",\"contentUrl\":\"https:\\\/\\\/community.simplifier.io\\\/wp-content\\\/uploads\\\/2024\\\/07\\\/board-300x194.jpg\"},{\"@type\":\"BreadcrumbList\",\"@id\":\"https:\\\/\\\/community.simplifier.io\\\/de\\\/das-simplifier-ai-manifest\\\/#breadcrumb\",\"itemListElement\":[{\"@type\":\"ListItem\",\"position\":1,\"name\":\"Home\",\"item\":\"https:\\\/\\\/community.simplifier.io\\\/de\\\/\"},{\"@type\":\"ListItem\",\"position\":2,\"name\":\"Das Simplifier AI Manifest\"}]},{\"@type\":\"WebSite\",\"@id\":\"https:\\\/\\\/community.simplifier.io\\\/de\\\/#website\",\"url\":\"https:\\\/\\\/community.simplifier.io\\\/de\\\/\",\"name\":\"Simplifier Makers Club\",\"description\":\"Where Ideas become Digital Reality - Simplifier Documentation, Knowledgebase, Forum, Courses and Marketplace\",\"publisher\":{\"@id\":\"https:\\\/\\\/community.simplifier.io\\\/de\\\/#organization\"},\"potentialAction\":[{\"@type\":\"SearchAction\",\"target\":{\"@type\":\"EntryPoint\",\"urlTemplate\":\"https:\\\/\\\/community.simplifier.io\\\/de\\\/?s={search_term_string}\"},\"query-input\":{\"@type\":\"PropertyValueSpecification\",\"valueRequired\":true,\"valueName\":\"search_term_string\"}}],\"inLanguage\":\"de\"},{\"@type\":\"Organization\",\"@id\":\"https:\\\/\\\/community.simplifier.io\\\/de\\\/#organization\",\"name\":\"Simplifier AG\",\"url\":\"https:\\\/\\\/community.simplifier.io\\\/de\\\/\",\"logo\":{\"@type\":\"ImageObject\",\"inLanguage\":\"de\",\"@id\":\"https:\\\/\\\/community.simplifier.io\\\/de\\\/#\\\/schema\\\/logo\\\/image\\\/\",\"url\":\"https:\\\/\\\/community.simplifier.io\\\/wp-content\\\/uploads\\\/2024\\\/09\\\/simplifier-logo.png\",\"contentUrl\":\"https:\\\/\\\/community.simplifier.io\\\/wp-content\\\/uploads\\\/2024\\\/09\\\/simplifier-logo.png\",\"width\":651,\"height\":150,\"caption\":\"Simplifier AG\"},\"image\":{\"@id\":\"https:\\\/\\\/community.simplifier.io\\\/de\\\/#\\\/schema\\\/logo\\\/image\\\/\"},\"sameAs\":[\"https:\\\/\\\/www.facebook.com\\\/simplifier.io\\\/\",\"https:\\\/\\\/x.com\\\/simplifier_io\",\"https:\\\/\\\/www.linkedin.com\\\/company\\\/simplifier-ag\\\/\",\"https:\\\/\\\/www.youtube.com\\\/c\\\/Simplifier\\\/\"]}]}<\/script>\n<!-- \/ Yoast SEO plugin. -->","yoast_head_json":{"title":"Das Simplifier AI Manifest - Simplifier Makers Club","description":"Low Code und KI \u2013 eine perfekte Kombination 1. Eine Synergie der Macht: Komplement\u00e4re Rollen KI ist nicht hier, um zu ersetzen, sondern um zu verbessern.","robots":{"index":"index","follow":"follow","max-snippet":"max-snippet:-1","max-image-preview":"max-image-preview:large","max-video-preview":"max-video-preview:-1"},"canonical":"https:\/\/community.simplifier.io\/de\/das-simplifier-ai-manifest\/","og_locale":"de_DE","og_type":"article","og_title":"Das Simplifier AI Manifest - Simplifier Makers Club","og_description":"Low Code und KI \u2013 eine perfekte Kombination 1. Eine Synergie der Macht: Komplement\u00e4re Rollen KI ist nicht hier, um zu ersetzen, sondern um zu verbessern.","og_url":"https:\/\/community.simplifier.io\/de\/das-simplifier-ai-manifest\/","og_site_name":"Simplifier Makers Club","article_publisher":"https:\/\/www.facebook.com\/simplifier.io\/","article_modified_time":"2024-07-24T10:23:49+00:00","og_image":[{"url":"https:\/\/community.simplifier.io\/wp-content\/uploads\/2024\/07\/board-300x194.jpg","type":"","width":"","height":""}],"twitter_card":"summary_large_image","twitter_site":"@simplifier_io","twitter_misc":{"Gesch\u00e4tzte Lesezeit":"4\u00a0Minuten"},"schema":{"@context":"https:\/\/schema.org","@graph":[{"@type":"WebPage","@id":"https:\/\/community.simplifier.io\/de\/das-simplifier-ai-manifest\/","url":"https:\/\/community.simplifier.io\/de\/das-simplifier-ai-manifest\/","name":"Das Simplifier AI Manifest - Simplifier Makers Club","isPartOf":{"@id":"https:\/\/community.simplifier.io\/de\/#website"},"primaryImageOfPage":{"@id":"https:\/\/community.simplifier.io\/de\/das-simplifier-ai-manifest\/#primaryimage"},"image":{"@id":"https:\/\/community.simplifier.io\/de\/das-simplifier-ai-manifest\/#primaryimage"},"thumbnailUrl":"https:\/\/community.simplifier.io\/wp-content\/uploads\/2024\/07\/board-300x194.jpg","datePublished":"2024-07-24T10:23:45+00:00","dateModified":"2024-07-24T10:23:49+00:00","description":"Low Code und KI \u2013 eine perfekte Kombination 1. Eine Synergie der Macht: Komplement\u00e4re Rollen KI ist nicht hier, um zu ersetzen, sondern um zu verbessern.","breadcrumb":{"@id":"https:\/\/community.simplifier.io\/de\/das-simplifier-ai-manifest\/#breadcrumb"},"inLanguage":"de","potentialAction":[{"@type":"ReadAction","target":["https:\/\/community.simplifier.io\/de\/das-simplifier-ai-manifest\/"]}]},{"@type":"ImageObject","inLanguage":"de","@id":"https:\/\/community.simplifier.io\/de\/das-simplifier-ai-manifest\/#primaryimage","url":"https:\/\/community.simplifier.io\/wp-content\/uploads\/2024\/07\/board-300x194.jpg","contentUrl":"https:\/\/community.simplifier.io\/wp-content\/uploads\/2024\/07\/board-300x194.jpg"},{"@type":"BreadcrumbList","@id":"https:\/\/community.simplifier.io\/de\/das-simplifier-ai-manifest\/#breadcrumb","itemListElement":[{"@type":"ListItem","position":1,"name":"Home","item":"https:\/\/community.simplifier.io\/de\/"},{"@type":"ListItem","position":2,"name":"Das Simplifier AI Manifest"}]},{"@type":"WebSite","@id":"https:\/\/community.simplifier.io\/de\/#website","url":"https:\/\/community.simplifier.io\/de\/","name":"Simplifier Makers Club","description":"Where Ideas become Digital Reality - Simplifier Documentation, Knowledgebase, Forum, Courses and Marketplace","publisher":{"@id":"https:\/\/community.simplifier.io\/de\/#organization"},"potentialAction":[{"@type":"SearchAction","target":{"@type":"EntryPoint","urlTemplate":"https:\/\/community.simplifier.io\/de\/?s={search_term_string}"},"query-input":{"@type":"PropertyValueSpecification","valueRequired":true,"valueName":"search_term_string"}}],"inLanguage":"de"},{"@type":"Organization","@id":"https:\/\/community.simplifier.io\/de\/#organization","name":"Simplifier AG","url":"https:\/\/community.simplifier.io\/de\/","logo":{"@type":"ImageObject","inLanguage":"de","@id":"https:\/\/community.simplifier.io\/de\/#\/schema\/logo\/image\/","url":"https:\/\/community.simplifier.io\/wp-content\/uploads\/2024\/09\/simplifier-logo.png","contentUrl":"https:\/\/community.simplifier.io\/wp-content\/uploads\/2024\/09\/simplifier-logo.png","width":651,"height":150,"caption":"Simplifier AG"},"image":{"@id":"https:\/\/community.simplifier.io\/de\/#\/schema\/logo\/image\/"},"sameAs":["https:\/\/www.facebook.com\/simplifier.io\/","https:\/\/x.com\/simplifier_io","https:\/\/www.linkedin.com\/company\/simplifier-ag\/","https:\/\/www.youtube.com\/c\/Simplifier\/"]}]}},"_links":{"self":[{"href":"https:\/\/community.simplifier.io\/de\/wp-json\/wp\/v2\/pages\/52140","targetHints":{"allow":["GET"]}}],"collection":[{"href":"https:\/\/community.simplifier.io\/de\/wp-json\/wp\/v2\/pages"}],"about":[{"href":"https:\/\/community.simplifier.io\/de\/wp-json\/wp\/v2\/types\/page"}],"author":[{"embeddable":true,"href":"https:\/\/community.simplifier.io\/de\/wp-json\/wp\/v2\/users\/1"}],"replies":[{"embeddable":true,"href":"https:\/\/community.simplifier.io\/de\/wp-json\/wp\/v2\/comments?post=52140"}],"version-history":[{"count":1,"href":"https:\/\/community.simplifier.io\/de\/wp-json\/wp\/v2\/pages\/52140\/revisions"}],"predecessor-version":[{"id":52144,"href":"https:\/\/community.simplifier.io\/de\/wp-json\/wp\/v2\/pages\/52140\/revisions\/52144"}],"up":[{"embeddable":true,"href":"https:\/\/community.simplifier.io\/de\/wp-json\/wp\/v2\/pages\/52231"}],"wp:attachment":[{"href":"https:\/\/community.simplifier.io\/de\/wp-json\/wp\/v2\/media?parent=52140"}],"curies":[{"name":"wp","href":"https:\/\/api.w.org\/{rel}","templated":true}]}}